{"id":1360,"date":"2026-02-05T13:27:35","date_gmt":"2026-02-05T13:27:35","guid":{"rendered":"https:\/\/www.eislekgravelluxembourg.com\/anmeldung\/"},"modified":"2026-02-20T16:50:40","modified_gmt":"2026-02-20T16:50:40","slug":"anmeldung","status":"publish","type":"page","link":"https:\/\/www.eislekgravelluxembourg.com\/de\/anmeldung\/","title":{"rendered":"Anmeldung"},"content":{"rendered":"<p>[et_pb_section fb_built=&#8220;1&#8243; _builder_version=&#8220;4.27.5&#8243; _module_preset=&#8220;default&#8220; background_image=&#8220;http:\/\/www.eislekgravelluxembourg.com\/wp-content\/uploads\/2026\/02\/header-UCI-Gravel-Eislek-2025-31-scaled.jpg&#8220; height=&#8220;35vw&#8220; custom_padding=&#8220;0em||0em||true|false&#8220; hover_enabled=&#8220;0&#8243; custom_css_free_form=&#8220;selector::after {||  content: &#8220;;||  display: block;||  position: absolute;||  top: 66.67%;||  right: 33.33%;||  bottom: 0;||  left: 0;||  background: radial-gradient(ellipse at 15% 70%, rgba(0,0,0,0.66) 0%,rgba(0,0,0,0) 50%);||  z-index: 0;||}&#8220; saved_tabs=&#8220;all&#8220; global_colors_info=&#8220;{}&#8220; title_text=&#8220;header UCI Gravel Eislek 2025&#8243; sticky_enabled=&#8220;0&#8243;][et_pb_row _builder_version=&#8220;4.27.5&#8243; _module_preset=&#8220;default&#8220; custom_padding=&#8220;0em||0em||true|false&#8220; global_colors_info=&#8220;{}&#8220;][et_pb_column type=&#8220;4_4&#8243; _builder_version=&#8220;4.27.5&#8243; _module_preset=&#8220;default&#8220; global_colors_info=&#8220;{}&#8220;][et_pb_post_title meta=&#8220;off&#8220; featured_image=&#8220;off&#8220; text_color=&#8220;light&#8220; _builder_version=&#8220;4.27.5&#8243; _module_preset=&#8220;default&#8220; title_text_color=&#8220;#FFFFFF&#8220; custom_margin=&#8220;29vw||||false|false&#8220; title_text_shadow_style=&#8220;preset3&#8243; title_text_shadow_horizontal_length=&#8220;1px&#8220; title_text_shadow_vertical_length=&#8220;1px&#8220; title_text_shadow_blur_strength=&#8220;0em&#8220; title_text_shadow_color=&#8220;#1D1D1B&#8220; global_colors_info=&#8220;{}&#8220;][\/et_pb_post_title][\/et_pb_column][\/et_pb_row][\/et_pb_section][et_pb_section fb_built=&#8220;1&#8243; _builder_version=&#8220;4.27.5&#8243; _module_preset=&#8220;default&#8220; global_colors_info=&#8220;{}&#8220;][et_pb_row column_structure=&#8220;1_5,3_5,1_5&#8243; make_equal=&#8220;on&#8220; _builder_version=&#8220;4.27.5&#8243; _module_preset=&#8220;default&#8220; global_colors_info=&#8220;{}&#8220;][et_pb_column type=&#8220;1_5&#8243; _builder_version=&#8220;4.27.5&#8243; _module_preset=&#8220;default&#8220; global_colors_info=&#8220;{}&#8220;][et_pb_image src=&#8220;http:\/\/www.eislekgravelluxembourg.com\/wp-content\/uploads\/2026\/02\/logo-chronorace.png&#8220; title_text=&#8220;Chronorace&#8220; _builder_version=&#8220;4.27.5&#8243; _module_preset=&#8220;default&#8220; global_colors_info=&#8220;{}&#8220;][\/et_pb_image][\/et_pb_column][et_pb_column type=&#8220;3_5&#8243; _builder_version=&#8220;4.27.5&#8243; _module_preset=&#8220;default&#8220; global_colors_info=&#8220;{}&#8220;][et_pb_heading title=&#8220;Sichere dir deinen Platz auf den Wegen des Eislek&#8220; _builder_version=&#8220;4.27.5&#8243; _module_preset=&#8220;default&#8220; title_level=&#8220;h2&#8243; global_colors_info=&#8220;{}&#8220;][\/et_pb_heading][et_pb_text _builder_version=&#8220;4.27.5&#8243; _module_preset=&#8220;default&#8220; global_colors_info=&#8220;{}&#8220;]<\/p>\n<p>Die Anmeldung zur Eislek Gravel Experience erfolgt ausschlie\u00dflich \u00fcber die Plattform ChronoRace.<\/p>\n<p>Melde dich jetzt an, um dir deinen Platz an der Startlinie zu sichern und dich auf <strong>ein einzigartiges Gravel-Erlebnis im Herzen des Eislek<\/strong> vorzubereiten.<\/p>\n<p>[\/et_pb_text][\/et_pb_column][et_pb_column type=&#8220;1_5&#8243; _builder_version=&#8220;4.27.5&#8243; _module_preset=&#8220;default&#8220; custom_css_free_form=&#8220;selector {||  align-self: flex-end;||}&#8220; global_colors_info=&#8220;{}&#8220;][et_pb_button button_url=&#8220;https:\/\/prod.chronorace.be\/registration\/SelectActivity.aspx?iframe=1&amp;eventId=2156236791598608&#8243; url_new_window=&#8220;on&#8220; button_text=&#8220;Werde Teil des Abenteuers&#8220; _builder_version=&#8220;4.27.5&#8243; _module_preset=&#8220;default&#8220; global_colors_info=&#8220;{}&#8220;][\/et_pb_button][\/et_pb_column][\/et_pb_row][\/et_pb_section][et_pb_section fb_built=&#8220;1&#8243; _builder_version=&#8220;4.27.5&#8243; _module_preset=&#8220;default&#8220; background_color=&#8220;#1D1D1B&#8220; global_colors_info=&#8220;{}&#8220;][et_pb_row _builder_version=&#8220;4.27.5&#8243; _module_preset=&#8220;default&#8220; custom_padding=&#8220;0em||0em||true|false&#8220; global_colors_info=&#8220;{}&#8220;][et_pb_column type=&#8220;4_4&#8243; _builder_version=&#8220;4.27.5&#8243; _module_preset=&#8220;default&#8220; global_colors_info=&#8220;{}&#8220;][et_pb_heading title=&#8220;Optionale Versicherung&#8220; _builder_version=&#8220;4.27.5&#8243; _module_preset=&#8220;default&#8220; title_level=&#8220;h2&#8243; title_text_color=&#8220;#FFFFFF&#8220; global_colors_info=&#8220;{}&#8220;][\/et_pb_heading][\/et_pb_column][\/et_pb_row][et_pb_row column_structure=&#8220;3_5,2_5&#8243; _builder_version=&#8220;4.27.5&#8243; _module_preset=&#8220;default&#8220; global_colors_info=&#8220;{}&#8220;][et_pb_column type=&#8220;3_5&#8243; _builder_version=&#8220;4.27.5&#8243; _module_preset=&#8220;default&#8220; global_colors_info=&#8220;{}&#8220;][et_pb_tabs active_tab_background_color=&#8220;#95C11F&#8220; inactive_tab_background_color=&#8220;#1D1D1B&#8220; active_tab_text_color=&#8220;#FFFFFF&#8220; _builder_version=&#8220;4.27.5&#8243; _module_preset=&#8220;default&#8220; tab_text_color=&#8220;#FFFFFF&#8220; body_text_color=&#8220;#FFFFFF&#8220; tab_font=&#8220;Oswald|300||on|||||&#8220; background_color=&#8220;RGBA(255,255,255,0)&#8220; custom_padding=&#8220;|0px|0px|0px|false|true&#8220; custom_css_free_form=&#8220;selector ul.et_pb_tabs_controls {||  background-color: transparent;||}||||selector ul.et_pb_tabs_controls::after {||  top: 0;||}||||selector ul.et_pb_tabs_controls li {||  border-right: none;||  transition: background-color 0.4s ease-in-out;||}||||selector ul.et_pb_tabs_controls li:not(.et_pb_tab_active) a {||  border-left: 1px solid #1d1d1b;||}||||selector ul.et_pb_tabs_controls li a {||  transition: color 0.4s ease-in-out, background-color 0.4s ease-in-out;||}||||selector .et_pb_tabs_controls li a:hover, ||selector .et_pb_tabs_controls li a:focus{||  color: #fff !important;||  background-color: #95c11f;||}&#8220; border_width_all=&#8220;0px&#8220; global_colors_info=&#8220;{}&#8220;][et_pb_tab title=&#8220;Paket 1: 5,- \u20ac inkl. MwSt.&#8220; _builder_version=&#8220;4.27.5&#8243; _module_preset=&#8220;default&#8220; global_colors_info=&#8220;{}&#8220;]<\/p>\n<p><strong>Unfalltod:<\/strong> 18.750 \u20ac, erh\u00f6ht auf 37.500 \u20ac, wenn der Versicherte verheiratet ist, in einer eingetragenen Lebenspartnerschaft lebt oder ein oder mehrere Kinder hat.<\/p>\n<p><strong>Dauerhafte Invalidit\u00e4t nach einem Unfall:<\/strong> 75.000 \u20ac, reduzierbar im Falle einer teilweisen dauerhaften Invalidit\u00e4t gem\u00e4\u00df der Tabelle der Versicherungsgesellschaft. Behandlungskosten nach einem Unfall bis zu 2.500 \u20ac<br \/>(Selbstbeteiligung von 50 \u20ac zu Lasten des Versicherten).<\/p>\n<p>[\/et_pb_tab][et_pb_tab title=&#8220;Paket 2: 15,- \u20ac inkl. MwSt.&#8220; _builder_version=&#8220;4.27.5&#8243; _module_preset=&#8220;default&#8220; global_colors_info=&#8220;{}&#8220;]<\/p>\n<p><strong>Unfalltod:<\/strong> 30.000 \u20ac, erh\u00f6ht auf 60.000 \u20ac, wenn der Versicherte verheiratet ist, in einer eingetragenen Lebenspartnerschaft lebt oder ein oder mehrere Kinder hat.<\/p>\n<p><strong>Dauerhafte Invalidit\u00e4t nach einem Unfall:<\/strong> 150.000 \u20ac im Falle einer teilweisen dauerhaften Invalidit\u00e4t gem\u00e4\u00df der Tabelle der Versicherungsgesellschaft. Behandlungskosten nach einem Unfall bis zu 2.500 \u20ac. (Selbstbeteiligung von 50 \u20ac zu Lasten des Versicherten)<\/p>\n<p>[\/et_pb_tab][\/et_pb_tabs][et_pb_heading title=&#8220;Lalux Versicherung&#8220; _builder_version=&#8220;4.27.5&#8243; _module_preset=&#8220;default&#8220; title_level=&#8220;h4&#8243; title_text_color=&#8220;#FFFFFF&#8220; global_colors_info=&#8220;{}&#8220;][\/et_pb_heading][et_pb_text _builder_version=&#8220;4.27.5&#8243; _module_preset=&#8220;default&#8220; text_text_color=&#8220;#FFFFFF&#8220; global_colors_info=&#8220;{}&#8220;]<\/p>\n<p><strong>Kontaktiere unsere Spezialisten:<\/strong><br \/><a href=\"tel:+352691505032\">+352 691 50 50 32<\/a>,<br \/><a href=\"mailto:sandro.santini@agence.lalux.lu\">sandro.santini@agence.lalux.lu<\/a><\/p>\n<p>[\/et_pb_text][\/et_pb_column][et_pb_column type=&#8220;2_5&#8243; _builder_version=&#8220;4.27.5&#8243; _module_preset=&#8220;default&#8220; custom_padding=&#8220;43px||||false|false&#8220; global_colors_info=&#8220;{}&#8220;][et_pb_image src=&#8220;http:\/\/www.eislekgravelluxembourg.com\/wp-content\/uploads\/2026\/02\/UCI-Gravel-Eislek-2025-41-scaled.jpg&#8220; title_text=&#8220;UCI Eislek Gravel 2025&#8243; _builder_version=&#8220;4.27.5&#8243; _module_preset=&#8220;default&#8220; hover_enabled=&#8220;0&#8243; global_colors_info=&#8220;{}&#8220; sticky_enabled=&#8220;0&#8243;][\/et_pb_image][\/et_pb_column][\/et_pb_row][\/et_pb_section]<\/p>\n","protected":false},"excerpt":{"rendered":"<p>Die Anmeldung zur Eislek Gravel Experience erfolgt ausschlie\u00dflich \u00fcber die Plattform ChronoRace. Melde dich jetzt an, um dir deinen Platz an der Startlinie zu sichern und dich auf ein einzigartiges Gravel-Erlebnis im Herzen des Eislek vorzubereiten.Unfalltod: 18.750 \u20ac, erh\u00f6ht auf 37.500 \u20ac, wenn der Versicherte verheiratet ist, in einer eingetragenen Lebenspartnerschaft lebt oder ein oder [&hellip;]<\/p>\n","protected":false},"author":1,"featured_media":0,"parent":0,"menu_order":30,"comment_status":"closed","ping_status":"closed","template":"","meta":{"_acf_changed":false,"_et_pb_use_builder":"on","_et_pb_old_content":"","_et_gb_content_width":"","footnotes":""},"class_list":["post-1360","page","type-page","status-publish","hentry"],"acf":[],"_links":{"self":[{"href":"https:\/\/www.eislekgravelluxembourg.com\/de\/wp-json\/wp\/v2\/pages\/1360","targetHints":{"allow":["GET"]}}],"collection":[{"href":"https:\/\/www.eislekgravelluxembourg.com\/de\/wp-json\/wp\/v2\/pages"}],"about":[{"href":"https:\/\/www.eislekgravelluxembourg.com\/de\/wp-json\/wp\/v2\/types\/page"}],"author":[{"embeddable":true,"href":"https:\/\/www.eislekgravelluxembourg.com\/de\/wp-json\/wp\/v2\/users\/1"}],"replies":[{"embeddable":true,"href":"https:\/\/www.eislekgravelluxembourg.com\/de\/wp-json\/wp\/v2\/comments?post=1360"}],"version-history":[{"count":7,"href":"https:\/\/www.eislekgravelluxembourg.com\/de\/wp-json\/wp\/v2\/pages\/1360\/revisions"}],"predecessor-version":[{"id":1389,"href":"https:\/\/www.eislekgravelluxembourg.com\/de\/wp-json\/wp\/v2\/pages\/1360\/revisions\/1389"}],"wp:attachment":[{"href":"https:\/\/www.eislekgravelluxembourg.com\/de\/wp-json\/wp\/v2\/media?parent=1360"}],"curies":[{"name":"wp","href":"https:\/\/api.w.org\/{rel}","templated":true}]}}