{"id":1398,"date":"2026-02-05T13:24:36","date_gmt":"2026-02-05T13:24:36","guid":{"rendered":"https:\/\/www.eislekgravelluxembourg.com\/die-eislek-gravel-rennen\/eislek-gravel-erlebnis\/"},"modified":"2026-04-10T18:13:17","modified_gmt":"2026-04-10T18:13:17","slug":"eislek-gravel-erlebnis","status":"publish","type":"page","link":"https:\/\/www.eislekgravelluxembourg.com\/de\/die-eislek-gravel-rennen\/eislek-gravel-erlebnis\/","title":{"rendered":"Eislek Gravel Erlebnis"},"content":{"rendered":"<p>[et_pb_section fb_built=&#8220;1&#8243; _builder_version=&#8220;4.27.5&#8243; _module_preset=&#8220;default&#8220; background_image=&#8220;https:\/\/www.eislekgravelluxembourg.com\/wp-content\/uploads\/2026\/02\/header-Eislek-Gravel-Experience-scaled.jpg&#8220; height=&#8220;35vw&#8220; custom_padding=&#8220;0em||0em||true|false&#8220; custom_css_free_form=&#8220;selector::after {||  content: &#8220;;||  display: block;||  position: absolute;||  top: 66.67%;||  right: 33.33%;||  bottom: 0;||  left: 0;||  background: radial-gradient(ellipse at 15% 70%, rgba(0,0,0,0.66) 0%,rgba(0,0,0,0) 50%);||  z-index: 0;||}&#8220; saved_tabs=&#8220;all&#8220; global_colors_info=&#8220;{}&#8220;][et_pb_row _builder_version=&#8220;4.27.5&#8243; _module_preset=&#8220;default&#8220; custom_padding=&#8220;0em||0em||true|false&#8220; global_colors_info=&#8220;{}&#8220;][et_pb_column type=&#8220;4_4&#8243; _builder_version=&#8220;4.27.5&#8243; _module_preset=&#8220;default&#8220; global_colors_info=&#8220;{}&#8220;][et_pb_post_title meta=&#8220;off&#8220; featured_image=&#8220;off&#8220; text_color=&#8220;light&#8220; _builder_version=&#8220;4.27.5&#8243; _module_preset=&#8220;default&#8220; title_text_color=&#8220;#FFFFFF&#8220; custom_margin=&#8220;29vw||||false|false&#8220; title_text_shadow_style=&#8220;preset3&#8243; title_text_shadow_horizontal_length=&#8220;1px&#8220; title_text_shadow_vertical_length=&#8220;1px&#8220; title_text_shadow_blur_strength=&#8220;0em&#8220; title_text_shadow_color=&#8220;#1D1D1B&#8220; global_colors_info=&#8220;{}&#8220;][\/et_pb_post_title][\/et_pb_column][\/et_pb_row][\/et_pb_section][et_pb_section fb_built=&#8220;1&#8243; _builder_version=&#8220;4.27.6&#8243; _module_preset=&#8220;default&#8220; background_color=&#8220;#1D1D1B&#8220; global_colors_info=&#8220;{}&#8220;][et_pb_row _builder_version=&#8220;4.27.5&#8243; _module_preset=&#8220;default&#8220; global_colors_info=&#8220;{}&#8220;][et_pb_column type=&#8220;4_4&#8243; _builder_version=&#8220;4.27.5&#8243; _module_preset=&#8220;default&#8220; global_colors_info=&#8220;{}&#8220;][et_pb_heading title=&#8220;Auf den Spuren der Champions: Der Eislek erwartet Sie&#8220; _builder_version=&#8220;4.27.6&#8243; _module_preset=&#8220;default&#8220; title_level=&#8220;h2&#8243; title_text_color=&#8220;#FFFFFF&#8220; global_colors_info=&#8220;{}&#8220;][\/et_pb_heading][et_pb_text _builder_version=&#8220;4.27.6&#8243; _module_preset=&#8220;default&#8220; text_text_color=&#8220;#FFFFFF&#8220; global_colors_info=&#8220;{}&#8220;]<\/p>\n<p>Erleben Sie am Samstag, den 20. Juni das Eislek Gravel Experience im Herzen von \u00c9islek und der S\u00fcdeifel. Fahren Sie auf der Weltmeisterschafts-Qualifikationsstrecke und entdecken Sie die sch\u00f6nsten Gravel-Pfade der Region. <\/p>\n<p>Zwischen wilden T\u00e4lern, tiefen W\u00e4ldern und anspruchsvollen Anstiegen, lassen Sie sich von spektakul\u00e4ren Landschaften und einer unber\u00fchrten Natur tragen. Hier kann man den Gravel-Sport in seiner ganzen Authentizit\u00e4t erleben, <strong>im Rhythmus des Reliefs und der typischen Panoramen von \u00c9islek<\/strong>. <\/p>\n<p>[\/et_pb_text][\/et_pb_column][\/et_pb_row][et_pb_row column_structure=&#8220;1_2,1_2&#8243; _builder_version=&#8220;4.27.6&#8243; _module_preset=&#8220;default&#8220; global_colors_info=&#8220;{}&#8220;][et_pb_column type=&#8220;1_2&#8243; _builder_version=&#8220;4.27.6&#8243; _module_preset=&#8220;default&#8220; global_colors_info=&#8220;{}&#8220;][et_pb_code _builder_version=&#8220;4.27.6&#8243; _module_preset=&#8220;default&#8220; global_colors_info=&#8220;{}&#8220;]<iframe loading=\"lazy\" src=\"https:\/\/www.komoot.com\/fr-fr\/tour\/2874786091\/embed?profile=1\" width=\"100%\" height=\"700\" frameborder=\"0\" scrolling=\"no\"><\/iframe>[\/et_pb_code][\/et_pb_column][et_pb_column type=&#8220;1_2&#8243; _builder_version=&#8220;4.27.6&#8243; _module_preset=&#8220;default&#8220; global_colors_info=&#8220;{}&#8220;][et_pb_heading title=&#8220;UCI Eislek Gravel Luxembourg &#8211; 93,9 km &#8211; 1980 D+&#8220; _builder_version=&#8220;4.27.6&#8243; _module_preset=&#8220;default&#8220; title_level=&#8220;h2&#8243; title_text_color=&#8220;#FFFFFF&#8220; custom_css_free_form=&#8220;selector h2 {||  margin-bottom: 0;||}&#8220; global_colors_info=&#8220;{}&#8220;][\/et_pb_heading][et_pb_heading title=&#8220;Samstag, 20. Juni&#8220; _builder_version=&#8220;4.27.6&#8243; _module_preset=&#8220;default&#8220; title_level=&#8220;h3&#8243; title_font=&#8220;Oswald|300|||||||&#8220; title_text_color=&#8220;#FFFFFF&#8220; custom_css_free_form=&#8220;selector h3 {||  font-weight: 300 !important;||  font-size: 1em !important;||}&#8220; global_colors_info=&#8220;{}&#8220;][\/et_pb_heading][et_pb_divider _builder_version=&#8220;4.27.6&#8243; _module_preset=&#8220;default&#8220; custom_margin=&#8220;||0px||false|false&#8220; global_colors_info=&#8220;{}&#8220;][\/et_pb_divider][et_pb_text module_class=&#8220;bee-text-with-columns&#8220; _builder_version=&#8220;4.27.6&#8243; _module_preset=&#8220;default&#8220; text_text_color=&#8220;#FFFFFF&#8220; custom_css_free_form=&#8220;selector img {||  margin-top: 0.5em;||}||||@media (min-width: 540px) {||  selector img {||    width: 47.25%;||    margin: 0.5em 5.5% 1em 0 ;||    float: left;||  }||}&#8220; global_colors_info=&#8220;{}&#8220;]<\/p>\n<p>Eine Herausforderung, die f\u00fcr alle Niveaus zug\u00e4nglich ist. Eine einzigartige Erfahrung, die Sie mit anderen teilen k\u00f6nnen. <\/p>\n<p><strong class=\"bee-col\">Einschreibungen :<\/strong> <span class=\"bee-col\">25,- \u20ac (einschlie\u00dflich Hamburger &amp; Bier)<\/span><br \/><strong class=\"bee-col\">Uhrzeit der Abreise :<\/strong> <span class=\"bee-col\">Frei ab 08.00 Uhr<\/span><br \/><strong class=\"bee-col\">Feed-zones : <\/strong> <span class=\"bee-col\">Zwei Verpflegungsstellen<br \/><\/span><\/p>\n<p><img loading=\"lazy\" decoding=\"async\" src=\"https:\/\/www.eislekgravelluxembourg.com\/wp-content\/uploads\/2026\/04\/ravitaillement-eislek-gravel-experience.jpg\" width=\"768\" height=\"512\" alt=\"Verpflegung Eislek Gravel Experience\">Die beiden Verpflegungsstationen der Eislek Gravel Experience sind <strong>mehr als nur Pausen<\/strong>: Sie bieten das Beste aus der lokalen Region.<\/p>\n<p>Jede Station beleuchtet regionale Erzeuger mit einer Auswahl an authentischen Produkten &#8211; K\u00e4se, Wurstwaren, Brot und S\u00e4fte -, die <strong>aus leidenschaftlicher Handwerk<\/strong>skunst hervorgegangen sind.<\/p>\n<p>Diese geselligen Momente laden die Teilnehmer ein, den Eislek auf eine andere Art und Weise zu entdecken, sich auszutauschen und zu genie\u00dfen, indem <strong>eine direkte Verbindung zwischen Sport, Natur und lokaler Gastronomie<\/strong> geschaffen wird.<\/p>\n<p>[\/et_pb_text][\/et_pb_column][\/et_pb_row][\/et_pb_section]<\/p>\n","protected":false},"excerpt":{"rendered":"<p>Erleben Sie am Samstag, den 20. Juni das Eislek Gravel Experience im Herzen von \u00c9islek und der S\u00fcdeifel. Fahren Sie auf der Weltmeisterschafts-Qualifikationsstrecke und entdecken Sie die sch\u00f6nsten Gravel-Pfade der Region. Zwischen wilden T\u00e4lern, tiefen W\u00e4ldern und anspruchsvollen Anstiegen, lassen Sie sich von spektakul\u00e4ren Landschaften und einer unber\u00fchrten Natur tragen. Hier kann man den Gravel-Sport [&hellip;]<\/p>\n","protected":false},"author":1,"featured_media":0,"parent":1359,"menu_order":21,"comment_status":"closed","ping_status":"closed","template":"","meta":{"_acf_changed":false,"_et_pb_use_builder":"on","_et_pb_old_content":"","_et_gb_content_width":"","footnotes":""},"class_list":["post-1398","page","type-page","status-publish","hentry"],"acf":[],"_links":{"self":[{"href":"https:\/\/www.eislekgravelluxembourg.com\/de\/wp-json\/wp\/v2\/pages\/1398","targetHints":{"allow":["GET"]}}],"collection":[{"href":"https:\/\/www.eislekgravelluxembourg.com\/de\/wp-json\/wp\/v2\/pages"}],"about":[{"href":"https:\/\/www.eislekgravelluxembourg.com\/de\/wp-json\/wp\/v2\/types\/page"}],"author":[{"embeddable":true,"href":"https:\/\/www.eislekgravelluxembourg.com\/de\/wp-json\/wp\/v2\/users\/1"}],"replies":[{"embeddable":true,"href":"https:\/\/www.eislekgravelluxembourg.com\/de\/wp-json\/wp\/v2\/comments?post=1398"}],"version-history":[{"count":10,"href":"https:\/\/www.eislekgravelluxembourg.com\/de\/wp-json\/wp\/v2\/pages\/1398\/revisions"}],"predecessor-version":[{"id":1849,"href":"https:\/\/www.eislekgravelluxembourg.com\/de\/wp-json\/wp\/v2\/pages\/1398\/revisions\/1849"}],"up":[{"embeddable":true,"href":"https:\/\/www.eislekgravelluxembourg.com\/de\/wp-json\/wp\/v2\/pages\/1359"}],"wp:attachment":[{"href":"https:\/\/www.eislekgravelluxembourg.com\/de\/wp-json\/wp\/v2\/media?parent=1398"}],"curies":[{"name":"wp","href":"https:\/\/api.w.org\/{rel}","templated":true}]}}