{"id":1401,"date":"2026-02-05T13:26:46","date_gmt":"2026-02-05T13:26:46","guid":{"rendered":"https:\/\/www.eislekgravelluxembourg.com\/die-eislek-gravel-rennen\/ruecktrittsversicherung\/"},"modified":"2026-02-20T17:36:30","modified_gmt":"2026-02-20T17:36:30","slug":"ruecktrittsversicherung","status":"publish","type":"page","link":"https:\/\/www.eislekgravelluxembourg.com\/de\/die-eislek-gravel-rennen\/ruecktrittsversicherung\/","title":{"rendered":"R\u00fccktrittsversicherung"},"content":{"rendered":"<p>[et_pb_section fb_built=&#8220;1&#8243; _builder_version=&#8220;4.27.5&#8243; _module_preset=&#8220;default&#8220; background_image=&#8220;http:\/\/www.eislekgravelluxembourg.com\/wp-content\/uploads\/2026\/02\/header-UCI-Gravel-Eislek-2025-42-scaled.jpg&#8220; height=&#8220;35vw&#8220; custom_padding=&#8220;0em||0em||true|false&#8220; hover_enabled=&#8220;0&#8243; custom_css_free_form=&#8220;selector::after {||  content: &#8220;;||  display: block;||  position: absolute;||  top: 66.67%;||  right: 33.33%;||  bottom: 0;||  left: 0;||  background: radial-gradient(ellipse at 15% 70%, rgba(0,0,0,0.66) 0%,rgba(0,0,0,0) 50%);||  z-index: 0;||}&#8220; saved_tabs=&#8220;all&#8220; global_colors_info=&#8220;{}&#8220; title_text=&#8220;UCI Gravel Eislek 2025&#8243; sticky_enabled=&#8220;0&#8243;][et_pb_row _builder_version=&#8220;4.27.5&#8243; _module_preset=&#8220;default&#8220; custom_padding=&#8220;0em||0em||true|false&#8220; global_colors_info=&#8220;{}&#8220;][et_pb_column type=&#8220;4_4&#8243; _builder_version=&#8220;4.27.5&#8243; _module_preset=&#8220;default&#8220; global_colors_info=&#8220;{}&#8220;][et_pb_post_title meta=&#8220;off&#8220; featured_image=&#8220;off&#8220; text_color=&#8220;light&#8220; _builder_version=&#8220;4.27.5&#8243; _module_preset=&#8220;default&#8220; title_text_color=&#8220;#FFFFFF&#8220; custom_margin=&#8220;29vw||||false|false&#8220; title_text_shadow_style=&#8220;preset3&#8243; title_text_shadow_horizontal_length=&#8220;1px&#8220; title_text_shadow_vertical_length=&#8220;1px&#8220; title_text_shadow_blur_strength=&#8220;0em&#8220; title_text_shadow_color=&#8220;#1D1D1B&#8220; global_colors_info=&#8220;{}&#8220;][\/et_pb_post_title][\/et_pb_column][\/et_pb_row][\/et_pb_section][et_pb_section fb_built=&#8220;1&#8243; _builder_version=&#8220;4.27.5&#8243; _module_preset=&#8220;default&#8220; global_colors_info=&#8220;{}&#8220;][et_pb_row _builder_version=&#8220;4.27.5&#8243; _module_preset=&#8220;default&#8220; global_colors_info=&#8220;{}&#8220;][et_pb_column type=&#8220;4_4&#8243; _builder_version=&#8220;4.27.5&#8243; _module_preset=&#8220;default&#8220; global_colors_info=&#8220;{}&#8220;][et_pb_heading title=&#8220;Bedingungen&#8220; _builder_version=&#8220;4.27.5&#8243; _module_preset=&#8220;default&#8220; title_level=&#8220;h2&#8243; global_colors_info=&#8220;{}&#8220;][\/et_pb_heading][et_pb_text _builder_version=&#8220;4.27.5&#8243; _module_preset=&#8220;default&#8220; global_colors_info=&#8220;{}&#8220;]<\/p>\n<p>Bei der Anmeldung hat jeder Teilnehmer die M\u00f6glichkeit, eine R\u00fccktrittsversicherung zum Preis von 7,50 \u20ac abzuschlie\u00dfen.<br \/>Diese Option bietet die M\u00f6glichkeit, die Anmeldung kostenfrei zu stornieren und flexiblere \u00c4nderungsbedingungen als bei der Standardanmeldung.<\/p>\n<p>[\/et_pb_text][et_pb_heading title=&#8220;1. Bedingungen mit R\u00fccktrittsversicherung&#8220; _builder_version=&#8220;4.27.5&#8243; _module_preset=&#8220;default&#8220; title_level=&#8220;h3&#8243; global_colors_info=&#8220;{}&#8220;][\/et_pb_heading][et_pb_text _builder_version=&#8220;4.27.5&#8243; _module_preset=&#8220;default&#8220; global_colors_info=&#8220;{}&#8220;]<\/p>\n<p>Bei Abschluss der R\u00fccktrittsversicherung:<\/p>\n<ul>\n<li>100 % R\u00fcckerstattung ohne Nachweis bei R\u00fccktritt bis zum Montag vor dem Rennen (23:59 Uhr).<\/li>\n<li>\u00dcbertragung der Anmeldung auf einen anderen Teilnehmer ohne Aufpreis bis zum Vortag des Rennens m\u00f6glich.<\/li>\n<li>Eine Verschiebung auf die n\u00e4chste Ausgabe ist unabh\u00e4ngig vom Grund nicht m\u00f6glich.<\/li>\n<\/ul>\n<p>[\/et_pb_text][et_pb_heading title=&#8220;2. Bedingungen ohne R\u00fccktrittsversicherung&#8220; _builder_version=&#8220;4.27.5&#8243; _module_preset=&#8220;default&#8220; title_level=&#8220;h3&#8243; global_colors_info=&#8220;{}&#8220;][\/et_pb_heading][et_pb_text _builder_version=&#8220;4.27.5&#8243; _module_preset=&#8220;default&#8220; global_colors_info=&#8220;{}&#8220;]<\/p>\n<p>Wenn der Teilnehmer keine R\u00fccktrittsversicherung abschlie\u00dft:<\/p>\n<ul>\n<li>Bei R\u00fccktritt wird keine R\u00fcckerstattung gew\u00e4hrt.<\/li>\n<li>\u00dcbertragung der Anmeldung gegen eine Geb\u00fchr von 10 \u20ac bis zum Vortag des Rennens m\u00f6glich.<\/li>\n<li>Eine Verschiebung auf die n\u00e4chste Ausgabe ist nicht gestattet.<\/li>\n<\/ul>\n<p>[\/et_pb_text][et_pb_heading title=&#8220;3. Praktische Modalit\u00e4ten&#8220; _builder_version=&#8220;4.27.5&#8243; _module_preset=&#8220;default&#8220; title_level=&#8220;h3&#8243; global_colors_info=&#8220;{}&#8220;][\/et_pb_heading][et_pb_text _builder_version=&#8220;4.27.5&#8243; _module_preset=&#8220;default&#8220; global_colors_info=&#8220;{}&#8220;]<\/p>\n<ul>\n<li>Jede Stornierung oder \u00dcbertragung muss per E-Mail an die Organisation gerichtet werden.<\/li>\n<li>Die oben genannten Fristen sind verbindlich und gelten nach der Ortszeit der Veranstaltung.<\/li>\n<li>Der Betrag der R\u00fccktrittsversicherung ist in keinem Fall erstattungsf\u00e4hig.<\/li>\n<\/ul>\n<p>[\/et_pb_text][\/et_pb_column][\/et_pb_row][\/et_pb_section]<\/p>\n","protected":false},"excerpt":{"rendered":"<p>Bei der Anmeldung hat jeder Teilnehmer die M\u00f6glichkeit, eine R\u00fccktrittsversicherung zum Preis von 7,50 \u20ac abzuschlie\u00dfen.Diese Option bietet die M\u00f6glichkeit, die Anmeldung kostenfrei zu stornieren und flexiblere \u00c4nderungsbedingungen als bei der Standardanmeldung.Bei Abschluss der R\u00fccktrittsversicherung: 100 % R\u00fcckerstattung ohne Nachweis bei R\u00fccktritt bis zum Montag vor dem Rennen (23:59 Uhr). \u00dcbertragung der Anmeldung auf einen [&hellip;]<\/p>\n","protected":false},"author":1,"featured_media":0,"parent":1359,"menu_order":24,"comment_status":"closed","ping_status":"closed","template":"","meta":{"_acf_changed":false,"_et_pb_use_builder":"on","_et_pb_old_content":"","_et_gb_content_width":"","footnotes":""},"class_list":["post-1401","page","type-page","status-publish","hentry"],"acf":[],"_links":{"self":[{"href":"https:\/\/www.eislekgravelluxembourg.com\/de\/wp-json\/wp\/v2\/pages\/1401","targetHints":{"allow":["GET"]}}],"collection":[{"href":"https:\/\/www.eislekgravelluxembourg.com\/de\/wp-json\/wp\/v2\/pages"}],"about":[{"href":"https:\/\/www.eislekgravelluxembourg.com\/de\/wp-json\/wp\/v2\/types\/page"}],"author":[{"embeddable":true,"href":"https:\/\/www.eislekgravelluxembourg.com\/de\/wp-json\/wp\/v2\/users\/1"}],"replies":[{"embeddable":true,"href":"https:\/\/www.eislekgravelluxembourg.com\/de\/wp-json\/wp\/v2\/comments?post=1401"}],"version-history":[{"count":5,"href":"https:\/\/www.eislekgravelluxembourg.com\/de\/wp-json\/wp\/v2\/pages\/1401\/revisions"}],"predecessor-version":[{"id":1500,"href":"https:\/\/www.eislekgravelluxembourg.com\/de\/wp-json\/wp\/v2\/pages\/1401\/revisions\/1500"}],"up":[{"embeddable":true,"href":"https:\/\/www.eislekgravelluxembourg.com\/de\/wp-json\/wp\/v2\/pages\/1359"}],"wp:attachment":[{"href":"https:\/\/www.eislekgravelluxembourg.com\/de\/wp-json\/wp\/v2\/media?parent=1401"}],"curies":[{"name":"wp","href":"https:\/\/api.w.org\/{rel}","templated":true}]}}