{"id":1406,"date":"2026-02-05T13:14:20","date_gmt":"2026-02-05T13:14:20","guid":{"rendered":"https:\/\/www.eislekgravelluxembourg.com\/organisation\/vorstellung\/"},"modified":"2026-02-20T17:07:35","modified_gmt":"2026-02-20T17:07:35","slug":"vorstellung","status":"publish","type":"page","link":"https:\/\/www.eislekgravelluxembourg.com\/de\/organisation\/vorstellung\/","title":{"rendered":"Vorstellung"},"content":{"rendered":"<p>[et_pb_section fb_built=&#8220;1&#8243; _builder_version=&#8220;4.27.5&#8243; _module_preset=&#8220;default&#8220; background_image=&#8220;http:\/\/www.eislekgravelluxembourg.com\/wp-content\/uploads\/2026\/02\/header-UCI-Gravel-Eislek-2025-13-scaled.jpg&#8220; height=&#8220;35vw&#8220; custom_padding=&#8220;0em||0em||true|false&#8220; custom_css_free_form=&#8220;selector::after {||  content: &#8220;;||  display: block;||  position: absolute;||  top: 66.67%;||  right: 33.33%;||  bottom: 0;||  left: 0;||  background: radial-gradient(ellipse at 15% 70%, rgba(0,0,0,0.66) 0%,rgba(0,0,0,0) 50%);||  z-index: 0;||}&#8220; saved_tabs=&#8220;all&#8220; global_colors_info=&#8220;{}&#8220;][et_pb_row _builder_version=&#8220;4.27.5&#8243; _module_preset=&#8220;default&#8220; custom_padding=&#8220;0em||0em||true|false&#8220; global_colors_info=&#8220;{}&#8220;][et_pb_column type=&#8220;4_4&#8243; _builder_version=&#8220;4.27.5&#8243; _module_preset=&#8220;default&#8220; global_colors_info=&#8220;{}&#8220;][et_pb_post_title meta=&#8220;off&#8220; featured_image=&#8220;off&#8220; text_color=&#8220;light&#8220; _builder_version=&#8220;4.27.5&#8243; _module_preset=&#8220;default&#8220; title_text_color=&#8220;#FFFFFF&#8220; custom_margin=&#8220;29vw||||false|false&#8220; title_text_shadow_style=&#8220;preset3&#8243; title_text_shadow_horizontal_length=&#8220;1px&#8220; title_text_shadow_vertical_length=&#8220;1px&#8220; title_text_shadow_blur_strength=&#8220;0em&#8220; title_text_shadow_color=&#8220;#1D1D1B&#8220; global_colors_info=&#8220;{}&#8220;][\/et_pb_post_title][\/et_pb_column][\/et_pb_row][\/et_pb_section][et_pb_section fb_built=&#8220;1&#8243; _builder_version=&#8220;4.27.5&#8243; _module_preset=&#8220;default&#8220; global_colors_info=&#8220;{}&#8220;][et_pb_row column_structure=&#8220;2_5,3_5&#8243; _builder_version=&#8220;4.27.5&#8243; _module_preset=&#8220;default&#8220; global_colors_info=&#8220;{}&#8220;][et_pb_column type=&#8220;2_5&#8243; _builder_version=&#8220;4.27.5&#8243; _module_preset=&#8220;default&#8220; global_colors_info=&#8220;{}&#8220;][et_pb_image src=&#8220;http:\/\/www.eislekgravelluxembourg.com\/wp-content\/uploads\/2026\/02\/UCI-Gravel-Eislek-2025-23-scaled.jpg&#8220; title_text=&#8220;UCI Eislek Gravel 2025&#8243; _builder_version=&#8220;4.27.5&#8243; _module_preset=&#8220;default&#8220; hover_enabled=&#8220;0&#8243; global_colors_info=&#8220;{}&#8220; alt=&#8220;UCI Eislek Gravel 2025&#8243; sticky_enabled=&#8220;0&#8243;][\/et_pb_image][\/et_pb_column][et_pb_column type=&#8220;3_5&#8243; _builder_version=&#8220;4.27.5&#8243; _module_preset=&#8220;default&#8220; global_colors_info=&#8220;{}&#8220;][et_pb_heading title=&#8220;Zwischen Schloss und wilden W\u00e4ldern&#8220; _builder_version=&#8220;4.27.5&#8243; _module_preset=&#8220;default&#8220; title_level=&#8220;h2&#8243; global_colors_info=&#8220;{}&#8220;][\/et_pb_heading][et_pb_text _builder_version=&#8220;4.27.5&#8243; _module_preset=&#8220;default&#8220; global_colors_info=&#8220;{}&#8220;]<\/p>\n<p>Willkommen beim <strong>Eislek Gravel Luxembourg<\/strong>, einem einzigartigen Rennen der UCI Gravel World Series, das den Gravel-Spirit in <strong>einer au\u00dfergew\u00f6hnlichen Kulisse<\/strong> verk\u00f6rpert! Wir sehen uns am Sonntag, den 21. Juni 2026, zu einem Abenteuer, bei dem sich Sport und Entdeckung im Herzen von Vianden und der Region \u00c9islek verbinden.<\/p>\n<p><strong>Vianden, eine ikonische mittelalterliche Stadt<\/strong>, ber\u00fchmt f\u00fcr ihr Schloss und ihre malerischen Gassen, ist der ideale Ausgangspunkt, um das \u00c9islek zu erkunden \u2013 eine luxemburgische Region mit bezaubernden Landschaften aus W\u00e4ldern, T\u00e4lern und H\u00f6henz\u00fcgen. Die Strecke bietet dir <strong>eine unvergessliche Durchquerung<\/strong>, im Wechsel zwischen Wegen hoch \u00fcber Vianden und entlang des majest\u00e4tischen Our-Staudamms.<\/p>\n<p>[\/et_pb_text][\/et_pb_column][\/et_pb_row][et_pb_row column_structure=&#8220;3_5,2_5&#8243; _builder_version=&#8220;4.27.5&#8243; _module_preset=&#8220;default&#8220; global_colors_info=&#8220;{}&#8220;][et_pb_column type=&#8220;3_5&#8243; _builder_version=&#8220;4.27.5&#8243; _module_preset=&#8220;default&#8220; global_colors_info=&#8220;{}&#8220;][et_pb_heading title=&#8220;Der Weg zur WM beginnt in Vianden&#8220; _builder_version=&#8220;4.27.5&#8243; _module_preset=&#8220;default&#8220; title_level=&#8220;h2&#8243; global_colors_info=&#8220;{}&#8220; title__hover_enabled=&#8220;off|desktop&#8220;][\/et_pb_heading][et_pb_text _builder_version=&#8220;4.27.5&#8243; _module_preset=&#8220;default&#8220; global_colors_info=&#8220;{}&#8220;]<\/p>\n<p>Das Eislek Gravel Luxembourg, Qualifikationslauf f\u00fcr die Weltmeisterschaften 2026, verk\u00f6rpert den Geist der <a href=\"https:\/\/www.eislekgravelluxembourg.com\/de\/die-eislek-gravel-rennen\/uci-gravel-world-series\/\">UCI Gravel World Series<\/a>: ein Rennen gegen die Zeit, bei dem Leistung auf Kameradschaft trifft. <strong>Radsportlerinnen und Radsportler aller Leistungsstufen finden hier eine einzigartige Herausforderung<\/strong>, mit mehreren Durchfahrten durch Vianden f\u00fcr eine warme, dynamische Atmosph\u00e4re. Zuschauerinnen und Zuschauer k\u00f6nnen das Geschehen aus n\u00e4chster N\u00e4he von bevorzugten Aussichtspunkten verfolgen und sogar den Sessellift nutzen, um zum Schloss zu gelangen und so mehrere Passagen mitzuerleben.<\/p>\n<p>Ab Freitag, dem 19. Juni 2026, er\u00f6ffnen die Startnummernausgabe und die Partner-Messe die Festivit\u00e4ten. Am Samstag, dem 20. Juni 2026, begr\u00fc\u00dft die <a href=\"https:\/\/www.eislekgravelluxembourg.com\/de\/eislek-gravel-experience-2-2\/\">Eislek Gravel Experience<\/a> Gravel-Fans, die die Region entdecken m\u00f6chten \u2013 in ihrem eigenen Tempo und au\u00dferhalb des Wettbewerbsrahmens des UCI-Rennens am Sonntag. Die Startnummernausgabe f\u00fcr die Rennen am Sonntag und die Partner-Messe runden die Festivit\u00e4ten ab. Dieser gesellige Bereich erm\u00f6glicht es den Teilnehmenden, sich vorzubereiten, sich mit anderen Begeisterten auszutauschen und die Partnermarken der Veranstaltung zu entdecken.<\/p>\n<p>Dieses Rennen, das im Gro\u00dfherzogtum Luxemburg ausgetragen wird, feiert <strong>die Werte des Respekts vor der Natur und der sportlichen Leidenschaft<\/strong> in einem europ\u00e4ischen Umfeld mit einzigartigem Kulturerbe.<\/p>\n<p>[\/et_pb_text][\/et_pb_column][et_pb_column type=&#8220;2_5&#8243; _builder_version=&#8220;4.27.5&#8243; _module_preset=&#8220;default&#8220; global_colors_info=&#8220;{}&#8220;][et_pb_image src=&#8220;http:\/\/www.eislekgravelluxembourg.com\/wp-content\/uploads\/2026\/02\/UCI-Gravel-Eislek-2025-37-scaled.jpg&#8220; title_text=&#8220;UCI Eislek Gravel 2025&#8243; _builder_version=&#8220;4.27.5&#8243; _module_preset=&#8220;default&#8220; global_colors_info=&#8220;{}&#8220;][\/et_pb_image][\/et_pb_column][\/et_pb_row][\/et_pb_section]<\/p>\n","protected":false},"excerpt":{"rendered":"<p>Willkommen beim Eislek Gravel Luxembourg, einem einzigartigen Rennen der UCI Gravel World Series, das den Gravel-Spirit in einer au\u00dfergew\u00f6hnlichen Kulisse verk\u00f6rpert! Wir sehen uns am Sonntag, den 21. Juni 2026, zu einem Abenteuer, bei dem sich Sport und Entdeckung im Herzen von Vianden und der Region \u00c9islek verbinden. Vianden, eine ikonische mittelalterliche Stadt, ber\u00fchmt f\u00fcr [&hellip;]<\/p>\n","protected":false},"author":1,"featured_media":0,"parent":1405,"menu_order":11,"comment_status":"closed","ping_status":"closed","template":"","meta":{"_acf_changed":false,"_et_pb_use_builder":"on","_et_pb_old_content":"","_et_gb_content_width":"","footnotes":""},"class_list":["post-1406","page","type-page","status-publish","hentry"],"acf":[],"_links":{"self":[{"href":"https:\/\/www.eislekgravelluxembourg.com\/de\/wp-json\/wp\/v2\/pages\/1406","targetHints":{"allow":["GET"]}}],"collection":[{"href":"https:\/\/www.eislekgravelluxembourg.com\/de\/wp-json\/wp\/v2\/pages"}],"about":[{"href":"https:\/\/www.eislekgravelluxembourg.com\/de\/wp-json\/wp\/v2\/types\/page"}],"author":[{"embeddable":true,"href":"https:\/\/www.eislekgravelluxembourg.com\/de\/wp-json\/wp\/v2\/users\/1"}],"replies":[{"embeddable":true,"href":"https:\/\/www.eislekgravelluxembourg.com\/de\/wp-json\/wp\/v2\/comments?post=1406"}],"version-history":[{"count":6,"href":"https:\/\/www.eislekgravelluxembourg.com\/de\/wp-json\/wp\/v2\/pages\/1406\/revisions"}],"predecessor-version":[{"id":1469,"href":"https:\/\/www.eislekgravelluxembourg.com\/de\/wp-json\/wp\/v2\/pages\/1406\/revisions\/1469"}],"up":[{"embeddable":true,"href":"https:\/\/www.eislekgravelluxembourg.com\/de\/wp-json\/wp\/v2\/pages\/1405"}],"wp:attachment":[{"href":"https:\/\/www.eislekgravelluxembourg.com\/de\/wp-json\/wp\/v2\/media?parent=1406"}],"curies":[{"name":"wp","href":"https:\/\/api.w.org\/{rel}","templated":true}]}}