{"id":1419,"date":"2026-02-05T13:25:12","date_gmt":"2026-02-05T13:25:12","guid":{"rendered":"https:\/\/www.eislekgravelluxembourg.com\/die-eislek-gravel-rennen\/uci-gravel-world-series\/"},"modified":"2026-04-10T18:02:45","modified_gmt":"2026-04-10T18:02:45","slug":"uci-gravel-world-series","status":"publish","type":"page","link":"https:\/\/www.eislekgravelluxembourg.com\/de\/die-eislek-gravel-rennen\/uci-gravel-world-series\/","title":{"rendered":"UCI Gravel World Series"},"content":{"rendered":"<p>[et_pb_section fb_built=&#8220;1&#8243; _builder_version=&#8220;4.27.5&#8243; _module_preset=&#8220;default&#8220; background_image=&#8220;https:\/\/www.eislekgravelluxembourg.com\/wp-content\/uploads\/2026\/02\/header-UCI-Gravel-Eislek-2025-22-scaled.jpg&#8220; height=&#8220;35vw&#8220; custom_padding=&#8220;0em||0em||true|false&#8220; custom_css_free_form=&#8220;selector::after {||  content: &#8220;;||  display: block;||  position: absolute;||  top: 66.67%;||  right: 33.33%;||  bottom: 0;||  left: 0;||  background: radial-gradient(ellipse at 15% 70%, rgba(0,0,0,0.66) 0%,rgba(0,0,0,0) 50%);||  z-index: 0;||}&#8220; saved_tabs=&#8220;all&#8220; global_colors_info=&#8220;{}&#8220;][et_pb_row _builder_version=&#8220;4.27.5&#8243; _module_preset=&#8220;default&#8220; custom_padding=&#8220;0em||0em||true|false&#8220; global_colors_info=&#8220;{}&#8220;][et_pb_column type=&#8220;4_4&#8243; _builder_version=&#8220;4.27.5&#8243; _module_preset=&#8220;default&#8220; global_colors_info=&#8220;{}&#8220;][et_pb_post_title meta=&#8220;off&#8220; featured_image=&#8220;off&#8220; text_color=&#8220;light&#8220; _builder_version=&#8220;4.27.5&#8243; _module_preset=&#8220;default&#8220; title_text_color=&#8220;#FFFFFF&#8220; custom_margin=&#8220;29vw||||false|false&#8220; title_text_shadow_style=&#8220;preset3&#8243; title_text_shadow_horizontal_length=&#8220;1px&#8220; title_text_shadow_vertical_length=&#8220;1px&#8220; title_text_shadow_blur_strength=&#8220;0em&#8220; title_text_shadow_color=&#8220;#1D1D1B&#8220; global_colors_info=&#8220;{}&#8220;][\/et_pb_post_title][\/et_pb_column][\/et_pb_row][\/et_pb_section][et_pb_section fb_built=&#8220;1&#8243; _builder_version=&#8220;4.27.5&#8243; _module_preset=&#8220;default&#8220; background_color=&#8220;#1D1D1B&#8220; border_width_bottom=&#8220;1px&#8220; border_color_bottom=&#8220;#FFFFFF&#8220; global_colors_info=&#8220;{}&#8220;][et_pb_row column_structure=&#8220;1_5,3_5,1_5&#8243; make_equal=&#8220;on&#8220; _builder_version=&#8220;4.27.5&#8243; _module_preset=&#8220;default&#8220; custom_padding=&#8220;||2.5em||false|false&#8220; global_colors_info=&#8220;{}&#8220;][et_pb_column type=&#8220;1_5&#8243; _builder_version=&#8220;4.27.5&#8243; _module_preset=&#8220;default&#8220; global_colors_info=&#8220;{}&#8220;][et_pb_image src=&#8220;https:\/\/www.eislekgravelluxembourg.com\/wp-content\/uploads\/2026\/02\/logo-Panaracer-Gravelking-UCI-Gravel-World-Series.png&#8220; title_text=&#8220;Panaracer Gravelking UCI Gravel World Series&#8220; _builder_version=&#8220;4.27.5&#8243; _module_preset=&#8220;default&#8220; global_colors_info=&#8220;{}&#8220;][\/et_pb_image][\/et_pb_column][et_pb_column type=&#8220;3_5&#8243; _builder_version=&#8220;4.27.5&#8243; _module_preset=&#8220;default&#8220; global_colors_info=&#8220;{}&#8220;][et_pb_heading title=&#8220;Die Strecke des Eislek Gravel Luxembourg: Ein Abenteuer in zwei Teilen&#8220; _builder_version=&#8220;4.27.5&#8243; _module_preset=&#8220;default&#8220; title_level=&#8220;h2&#8243; title_text_color=&#8220;#FFFFFF&#8220; global_colors_info=&#8220;{}&#8220;][\/et_pb_heading][et_pb_text _builder_version=&#8220;4.27.5&#8243; _module_preset=&#8220;default&#8220; text_text_color=&#8220;#FFFFFF&#8220; global_colors_info=&#8220;{}&#8220;]<\/p>\n<p>Die Strecke des Eislek Gravel ist 47 km lang und besteht aus zwei Teilen: der luxemburgischen Schleife und der deutschen Schleife. Diese Strecke, die je nach Rennen 1,5-mal oder 2,5-mal zu absolvieren ist, wird alle Qualit\u00e4ten eines Gravel-Fahrers hervorheben \u2013 sowohl als Kletterer, Rollfahrer als auch als Techniker. <\/p>\n<p>[\/et_pb_text][\/et_pb_column][et_pb_column type=&#8220;1_5&#8243; _builder_version=&#8220;4.27.5&#8243; _module_preset=&#8220;default&#8220; custom_css_free_form=&#8220;selector {||  align-self: flex-end;||}&#8220; global_colors_info=&#8220;{}&#8220;][et_pb_button button_url=&#8220;#description&#8220; button_text=&#8220;Mehr erfahren&#8220; _builder_version=&#8220;4.27.5&#8243; _module_preset=&#8220;default&#8220; global_colors_info=&#8220;{}&#8220;][\/et_pb_button][\/et_pb_column][\/et_pb_row][et_pb_row column_structure=&#8220;1_2,1_2&#8243; _builder_version=&#8220;4.27.5&#8243; _module_preset=&#8220;default&#8220; global_colors_info=&#8220;{}&#8220;][et_pb_column type=&#8220;1_2&#8243; _builder_version=&#8220;4.27.5&#8243; _module_preset=&#8220;default&#8220; global_colors_info=&#8220;{}&#8220;][et_pb_code _builder_version=&#8220;4.27.5&#8243; _module_preset=&#8220;default&#8220; global_colors_info=&#8220;{}&#8220;]<iframe loading=\"lazy\" src=\"https:\/\/www.komoot.com\/tour\/2789053163\/embed?share_token=azJedp1sziEgp1999GBC77L0EHQu3ycFXjsRTpzhgiZlhJTURP&amp;profile=1\" width=\"100%\" height=\"700\" frameborder=\"0\" scrolling=\"no\"><\/iframe>[\/et_pb_code][\/et_pb_column][et_pb_column type=&#8220;1_2&#8243; _builder_version=&#8220;4.27.5&#8243; _module_preset=&#8220;default&#8220; global_colors_info=&#8220;{}&#8220;][et_pb_heading title=&#8220;UCI Eislek Gravel Luxembourg &#8211; 123 km &#8211; 2480 D+&#8220; _builder_version=&#8220;4.27.5&#8243; _module_preset=&#8220;default&#8220; title_level=&#8220;h2&#8243; title_text_color=&#8220;#FFFFFF&#8220; custom_css_free_form=&#8220;selector h2 {||  margin-bottom: 0;||}&#8220; global_colors_info=&#8220;{}&#8220;][\/et_pb_heading][et_pb_heading title=&#8220;Sonntag, 21. Juni&#8220; _builder_version=&#8220;4.27.5&#8243; _module_preset=&#8220;default&#8220; title_level=&#8220;h3&#8243; title_font=&#8220;Oswald|300|||||||&#8220; title_text_color=&#8220;#FFFFFF&#8220; custom_css_free_form=&#8220;selector h3 {||  font-weight: 300 !important;||  font-size: 1em !important;||}&#8220; global_colors_info=&#8220;{}&#8220;][\/et_pb_heading][et_pb_divider _builder_version=&#8220;4.27.5&#8243; _module_preset=&#8220;default&#8220; custom_margin=&#8220;||0px||false|false&#8220; global_colors_info=&#8220;{}&#8220;][\/et_pb_divider][et_pb_text module_class=&#8220;bee-text-with-columns&#8220; _builder_version=&#8220;4.27.6&#8243; _module_preset=&#8220;default&#8220; text_text_color=&#8220;#FFFFFF&#8220; global_colors_info=&#8220;{}&#8220;]<\/p>\n<p>Dieses Rennen besteht aus 2 kompletten Runden von 47 Kilometern, gefolgt von der luxemburgischen Schleife von 23 km als Finale.<\/p>\n<p><strong class=\"bee-col\">Start:<\/strong> <span class=\"bee-col\">Vianden rue du Vieux-March\u00e9<\/span><br \/><strong class=\"bee-col\">Ziel:<\/strong> <span class=\"bee-col\">Vianden Grand-Rue<\/span><br \/><strong class=\"bee-col\">Startzeit:<\/strong> <span class=\"bee-col\">10:00 Uhr<\/span><br \/><strong class=\"bee-col\">Kategorien:<\/strong> <span class=\"bee-col\">Men Elite <span style=\"color: #f39200;\">I<\/span> 19-34 <span style=\"color: #f39200;\">I<\/span> 35-39 <span style=\"color: #f39200;\">I<\/span> 40-44 <span style=\"color: #f39200;\">I<\/span> 45-49 <span style=\"color: #f39200;\">I<\/span> 50-54 <span style=\"color: #f39200;\">I<\/span> 55-59<\/span><br \/><span style=\"color: #1d1d1b;\"><strong class=\"bee-col\">&#8211;<\/strong><\/span> <span class=\"bee-col\">Women Elite <span style=\"color: #f39200;\">I<\/span> 19-34 <span style=\"color: #f39200;\">I<\/span> 35-39 <span style=\"color: #f39200;\">I<\/span> 40-44 <span style=\"color: #f39200;\">I<\/span> 45-49<\/span><\/p>\n<p><strong class=\"bee-col\">Feed-zones :<\/strong><br \/>Zwei offizielle Verpflegungszonen befinden sich auf der Strecke bei Kilometer 23,5 und 47. Die 70-Kilometer-Rennen passieren diese Verpflegungsstellen jeweils einmal, w\u00e4hrend das 115-km-Rennen jede dieser Verpflegungsstellen zweimal passiert. <\/p>\n<p><strong class=\"bee-col\">Verpflegungszone 1:<\/strong> km 23,5 <span style=\"color: #f39200;\">I<\/span> km 70<br \/><span style=\"color: #1d1d1b;\"><strong class=\"bee-col\">&#8211;<\/strong><\/span> <span class=\"bee-col\">Rue Charles Matthias Andre, L-9425 Vianden<\/span><br \/><strong class=\"bee-col\">Verpflegungszone 2:<\/strong> <span class=\"bee-col\">km 47 <span style=\"color: #f39200;\">I<\/span> km 94<\/span><br \/><span style=\"color: #1d1d1b;\"><strong class=\"bee-col\">&#8211;<\/strong><\/span> <span class=\"bee-col\">Place Vic. Abens, 29 Grand-Rue, 9410 Vianden<\/span><\/p>\n<p>[\/et_pb_text][\/et_pb_column][\/et_pb_row][et_pb_row column_structure=&#8220;2_3,1_3&#8243; module_id=&#8220;description&#8220; module_class=&#8220;bee-tabs-with-images&#8220; _builder_version=&#8220;4.27.5&#8243; _module_preset=&#8220;default&#8220; global_colors_info=&#8220;{}&#8220;][et_pb_column type=&#8220;2_3&#8243; _builder_version=&#8220;4.27.5&#8243; _module_preset=&#8220;default&#8220; global_colors_info=&#8220;{}&#8220;][et_pb_tabs active_tab_background_color=&#8220;#95C11F&#8220; inactive_tab_background_color=&#8220;#1D1D1B&#8220; active_tab_text_color=&#8220;#FFFFFF&#8220; _builder_version=&#8220;4.27.5&#8243; _module_preset=&#8220;default&#8220; tab_text_color=&#8220;#FFFFFF&#8220; body_text_color=&#8220;#FFFFFF&#8220; tab_font=&#8220;Oswald|300||on|||||&#8220; background_color=&#8220;#1D1D1B&#8220; custom_padding=&#8220;|0px|0px|0px|false|false&#8220; custom_css_free_form=&#8220;selector ul.et_pb_tabs_controls {||  background-color: transparent;||}||||selector ul.et_pb_tabs_controls::after {||  top: 0;||}||||selector ul.et_pb_tabs_controls li {||  border-right: none;||  transition: background-color 0.4s ease-in-out;||}||||selector ul.et_pb_tabs_controls li:not(.et_pb_tab_active) a {||  border-left: 1px solid #1d1d1b;||}||||selector ul.et_pb_tabs_controls li a {||  transition: color 0.4s ease-in-out, background-color 0.4s ease-in-out;||}||||selector .et_pb_tabs_controls li a:hover, ||selector .et_pb_tabs_controls li a:focus{||  color: #fff !important;||  background-color: #95c11f;||}&#8220; border_color_all=&#8220;RGBA(255,255,255,0)&#8220; global_colors_info=&#8220;{}&#8220;][et_pb_tab title=&#8220;Die luxemburgische Schleife&#8220; _builder_version=&#8220;4.27.5&#8243; _module_preset=&#8220;default&#8220; global_colors_info=&#8220;{}&#8220;]<\/p>\n<h4><span style=\"color: #ffffff;\">Emotion und H\u00f6henmeter im Herzen von Vianden<\/span><\/h4>\n<p>Vom Start weg tauchen die Fahrer in eine Atmosph\u00e4re voller Geschichte und Herausforderung ein. Aus dem Herzen der Stadt Vianden heraus beginnt die Strecke mit <strong>einem spektakul\u00e4ren und immersiven Kopfsteinpflasteranstieg<\/strong>, der die Teilnehmer bis zur Burg Vianden f\u00fchrt, die seit Jahrhunderten \u00fcber den Ort wacht. Dieser Streckenauftakt setzt sofort auf die Authentizit\u00e4t des Abenteuers, wo <strong>Geschichte und Landschaft verschmelzen<\/strong>.  <\/p>\n<p>Die Burg rechts lassend, f\u00fchrt die Strecke in den Viandenwald zu einem progressiven Anstieg \u00fcber etwa 10 Kilometer zum h\u00f6chsten Punkt der Strecke auf <strong>510 Metern H\u00f6he<\/strong>.<\/p>\n<p>Die darauffolgende Abfahrt wechselt zwischen asphaltierten Abschnitten und Waldwegen und bietet ein Gef\u00fchl von Geschwindigkeit und Freiheit. Entlang der Our l\u00e4dt <strong>die Strecke zu einem spielerischen und schnellen Moment auf einem kurvenreichen Pfad<\/strong> ein, der zur\u00fcck nach Vianden f\u00fchrt. Diese 23,5-km-Schleife l\u00e4sst dich zum ersten Mal die Ziellinie \u00fcberqueren, bevor du die deutsche Schleife in Angriff nimmst.  <\/p>\n<p>[\/et_pb_tab][et_pb_tab title=&#8220;Die deutsche Schleife&#8220; _builder_version=&#8220;4.27.5&#8243; _module_preset=&#8220;default&#8220; global_colors_info=&#8220;{}&#8220;]<\/p>\n<h4><span style=\"color: #ffffff;\">Rhythmus und Ausflug im Unterholz<\/span><\/h4>\n<p>Die Teilnehmer starten auf die deutsche Schleife, die <strong>darauf ausgelegt ist, das Rennvergn\u00fcgen zu verl\u00e4ngern<\/strong> mit einem Wechsel verschiedener Untergr\u00fcnde und Profile. Nach einem 2 Kilometer langen Stra\u00dfenanstieg bietet diese Schleife ein ganz anderes Fahrgef\u00fchl: <strong>Die Landschaften sind sanfter, das Relief weniger anspruchsvoll und der Rhythmus wird rollender<\/strong>. Hier erstreckt sich das Rennen \u00fcber lange Gravel-Abschnitte, auf denen die Radfahrer Geschwindigkeit aufnehmen und die Fl\u00fcssigkeit der Strecke in perfekter Harmonie mit der Natur genie\u00dfen k\u00f6nnen.  <\/p>\n<p>Auf dem R\u00fcckweg \u00fcberquert die Strecke erneut die Grenze mitten im Wald, und die Teilnehmer erleben <strong>eine einzigartige Atmosph\u00e4re entlang des Flusses auf einem Gr\u00fcnweg<\/strong>. Dieser Abschnitt f\u00fchrt die Fahrer zur\u00fcck ins Zentrum von Vianden, um erneut die luxemburgische Schleife anzugehen. <\/p>\n<p>Eine Strecke, bei der jeder Abschnitt seine eigene Identit\u00e4t besitzt: zwischen anspruchsvollen Anstiegen, schnellen Abfahrten, dichten W\u00e4ldern und rollenden Abschnitten verspricht das Eislek Gravel Luxembourg <strong>eine Mischung aus intensiven Erlebnissen und Verbindung mit au\u00dfergew\u00f6hnlichen Landschaften<\/strong>.<\/p>\n<p>[\/et_pb_tab][\/et_pb_tabs][\/et_pb_column][et_pb_column type=&#8220;1_3&#8243; _builder_version=&#8220;4.27.5&#8243; _module_preset=&#8220;default&#8220; custom_padding=&#8220;||||false|false&#8220; custom_padding_tablet=&#8220;0px||||false|false&#8220; custom_padding_phone=&#8220;0px||||false|false&#8220; custom_padding_last_edited=&#8220;off|desktop&#8220; custom_css_free_form=&#8220;selector {||  padding-top: calc(1.7em + 8px);||}&#8220; global_colors_info=&#8220;{}&#8220;][et_pb_image src=&#8220;https:\/\/www.eislekgravelluxembourg.com\/wp-content\/uploads\/2026\/02\/La-boucle-allemande-scaled.jpg&#8220; title_text=&#8220;Die deutsche Schleife&#8220; _builder_version=&#8220;4.27.5&#8243; _module_preset=&#8220;default&#8220; custom_margin=&#8220;||||false|false&#8220; global_colors_info=&#8220;{}&#8220;][\/et_pb_image][et_pb_image src=&#8220;https:\/\/www.eislekgravelluxembourg.com\/wp-content\/uploads\/2026\/02\/La-boucle-luxembourgeoise-scaled.jpg&#8220; title_text=&#8220;Die luxemburgische Schleife&#8220; _builder_version=&#8220;4.27.5&#8243; _module_preset=&#8220;default&#8220; custom_css_free_form=&#8220;selector {||  position: absolute;||  top: calc(1.7em + 8px);||  left: 0;||  transition: opacity 0.4s ease-in-out;||}&#8220; global_colors_info=&#8220;{}&#8220;][\/et_pb_image][\/et_pb_column][\/et_pb_row][\/et_pb_section]<\/p>\n","protected":false},"excerpt":{"rendered":"<p>Die Strecke des Eislek Gravel ist 47 km lang und besteht aus zwei Teilen: der luxemburgischen Schleife und der deutschen Schleife. Diese Strecke, die je nach Rennen 1,5-mal oder 2,5-mal zu absolvieren ist, wird alle Qualit\u00e4ten eines Gravel-Fahrers hervorheben \u2013 sowohl als Kletterer, Rollfahrer als auch als Techniker. Dieses Rennen besteht aus 2 kompletten Runden [&hellip;]<\/p>\n","protected":false},"author":1,"featured_media":0,"parent":1359,"menu_order":22,"comment_status":"closed","ping_status":"closed","template":"","meta":{"_acf_changed":false,"_et_pb_use_builder":"on","_et_pb_old_content":"","_et_gb_content_width":"","footnotes":""},"class_list":["post-1419","page","type-page","status-publish","hentry"],"acf":[],"_links":{"self":[{"href":"https:\/\/www.eislekgravelluxembourg.com\/de\/wp-json\/wp\/v2\/pages\/1419","targetHints":{"allow":["GET"]}}],"collection":[{"href":"https:\/\/www.eislekgravelluxembourg.com\/de\/wp-json\/wp\/v2\/pages"}],"about":[{"href":"https:\/\/www.eislekgravelluxembourg.com\/de\/wp-json\/wp\/v2\/types\/page"}],"author":[{"embeddable":true,"href":"https:\/\/www.eislekgravelluxembourg.com\/de\/wp-json\/wp\/v2\/users\/1"}],"replies":[{"embeddable":true,"href":"https:\/\/www.eislekgravelluxembourg.com\/de\/wp-json\/wp\/v2\/comments?post=1419"}],"version-history":[{"count":14,"href":"https:\/\/www.eislekgravelluxembourg.com\/de\/wp-json\/wp\/v2\/pages\/1419\/revisions"}],"predecessor-version":[{"id":1837,"href":"https:\/\/www.eislekgravelluxembourg.com\/de\/wp-json\/wp\/v2\/pages\/1419\/revisions\/1837"}],"up":[{"embeddable":true,"href":"https:\/\/www.eislekgravelluxembourg.com\/de\/wp-json\/wp\/v2\/pages\/1359"}],"wp:attachment":[{"href":"https:\/\/www.eislekgravelluxembourg.com\/de\/wp-json\/wp\/v2\/media?parent=1419"}],"curies":[{"name":"wp","href":"https:\/\/api.w.org\/{rel}","templated":true}]}}