{"id":1424,"date":"2026-02-05T13:14:53","date_gmt":"2026-02-05T13:14:53","guid":{"rendered":"https:\/\/www.eislekgravelluxembourg.com\/organisation\/die-regionen\/"},"modified":"2026-02-20T16:52:01","modified_gmt":"2026-02-20T16:52:01","slug":"die-regionen","status":"publish","type":"page","link":"https:\/\/www.eislekgravelluxembourg.com\/de\/organisation\/die-regionen\/","title":{"rendered":"Die Regionen"},"content":{"rendered":"<p>[et_pb_section fb_built=&#8220;1&#8243; _builder_version=&#8220;4.27.5&#8243; _module_preset=&#8220;default&#8220; background_image=&#8220;http:\/\/www.eislekgravelluxembourg.com\/wp-content\/uploads\/2026\/02\/header-terrasse-sur-l-our-a-vianden-scaled.jpg&#8220; height=&#8220;35vw&#8220; custom_padding=&#8220;0em||0em||true|false&#8220; hover_enabled=&#8220;0&#8243; custom_css_free_form=&#8220;selector::after {||  content: &#8220;;||  display: block;||  position: absolute;||  top: 66.67%;||  right: 33.33%;||  bottom: 0;||  left: 0;||  background: radial-gradient(ellipse at 15% 70%, rgba(0,0,0,0.66) 0%,rgba(0,0,0,0) 50%);||  z-index: 0;||}&#8220; saved_tabs=&#8220;all&#8220; global_colors_info=&#8220;{}&#8220; title_text=&#8220;Terrasse sur l&#8217;Our \u00e0 Vianden&#8220; sticky_enabled=&#8220;0&#8243;][et_pb_row _builder_version=&#8220;4.27.5&#8243; _module_preset=&#8220;default&#8220; custom_padding=&#8220;0em||0em||true|false&#8220; global_colors_info=&#8220;{}&#8220;][et_pb_column type=&#8220;4_4&#8243; _builder_version=&#8220;4.27.5&#8243; _module_preset=&#8220;default&#8220; global_colors_info=&#8220;{}&#8220;][et_pb_post_title meta=&#8220;off&#8220; featured_image=&#8220;off&#8220; text_color=&#8220;light&#8220; _builder_version=&#8220;4.27.5&#8243; _module_preset=&#8220;default&#8220; title_text_color=&#8220;#FFFFFF&#8220; custom_margin=&#8220;29vw||||false|false&#8220; title_text_shadow_style=&#8220;preset3&#8243; title_text_shadow_horizontal_length=&#8220;1px&#8220; title_text_shadow_vertical_length=&#8220;1px&#8220; title_text_shadow_blur_strength=&#8220;0em&#8220; title_text_shadow_color=&#8220;#1D1D1B&#8220; global_colors_info=&#8220;{}&#8220;][\/et_pb_post_title][\/et_pb_column][\/et_pb_row][\/et_pb_section][et_pb_section fb_built=&#8220;1&#8243; _builder_version=&#8220;4.27.5&#8243; _module_preset=&#8220;default&#8220; hover_enabled=&#8220;0&#8243; global_colors_info=&#8220;{}&#8220; sticky_enabled=&#8220;0&#8243;][et_pb_row column_structure=&#8220;2_5,3_5&#8243; _builder_version=&#8220;4.27.5&#8243; _module_preset=&#8220;default&#8220; global_colors_info=&#8220;{}&#8220;][et_pb_column type=&#8220;2_5&#8243; _builder_version=&#8220;4.27.5&#8243; _module_preset=&#8220;default&#8220; global_colors_info=&#8220;{}&#8220;][et_pb_image src=&#8220;http:\/\/www.eislekgravelluxembourg.com\/wp-content\/uploads\/2026\/02\/La-Wolfsschlucht-Gorges-du-Loup-scaled.jpg&#8220; title_text=&#8220;Die Wolfsschlucht \u2013 Wolfsschlucht&#8220; _builder_version=&#8220;4.27.5&#8243; _module_preset=&#8220;default&#8220; hover_enabled=&#8220;0&#8243; global_colors_info=&#8220;{}&#8220; sticky_enabled=&#8220;0&#8243;][\/et_pb_image][\/et_pb_column][et_pb_column type=&#8220;3_5&#8243; _builder_version=&#8220;4.27.5&#8243; _module_preset=&#8220;default&#8220; global_colors_info=&#8220;{}&#8220;][et_pb_heading title=&#8220;Das \u00c9islek, ein Natur- und Kulturschatz&#8220; _builder_version=&#8220;4.27.5&#8243; _module_preset=&#8220;default&#8220; title_level=&#8220;h2&#8243; global_colors_info=&#8220;{}&#8220;][\/et_pb_heading][et_pb_text _builder_version=&#8220;4.27.5&#8243; _module_preset=&#8220;default&#8220; global_colors_info=&#8220;{}&#8220;]<\/p>\n<p>Das \u00c9islek, im Norden Luxemburgs gelegen, ist <strong>eine Region, in der sich wilde Natur mit historischem Erbe verbindet<\/strong>. Tiefe W\u00e4lder, gr\u00fcne T\u00e4ler und gewundene Fl\u00fcsse pr\u00e4gen spektakul\u00e4re Landschaften, gespickt mit geschichtstr\u00e4chtigen Burgen und Festungen. <\/p>\n<p>Hier bestimmen Traditionen und lokale Kultur das Leben: M\u00e4rkte, Handwerkskunst und Festivals zeugen von der Authentizit\u00e4t der Region, w\u00e4hrend <strong>die Gastronomie die Gaumen verw\u00f6hnt<\/strong> mit gro\u00dfz\u00fcgigen regionalen Produkten und schmackhaften Spezialit\u00e4ten.<\/p>\n<p>Ob du zum Entspannen in der Natur kommst, malerische Wege zu Fu\u00df oder mit dem Fahrrad erkundest oder einfach die Ruhe einer friedlichen Landschaft genie\u00dft, <strong>das \u00c9islek bietet einen idealen Rahmen f\u00fcr eine echte Auszeit<\/strong>. Jeder Tag wird zu einer Einladung, die einfachen Freuden des Lebens zu erkunden, zu genie\u00dfen und zu sch\u00e4tzen: den Gesang der V\u00f6gel, den Duft der W\u00e4lder oder das Schauspiel eines Sonnenuntergangs \u00fcber den H\u00fcgeln. <\/p>\n<p>[\/et_pb_text][\/et_pb_column][\/et_pb_row][et_pb_row column_structure=&#8220;3_5,2_5&#8243; _builder_version=&#8220;4.27.5&#8243; _module_preset=&#8220;default&#8220; global_colors_info=&#8220;{}&#8220;][et_pb_column type=&#8220;3_5&#8243; _builder_version=&#8220;4.27.5&#8243; _module_preset=&#8220;default&#8220; global_colors_info=&#8220;{}&#8220;][et_pb_heading title=&#8220;Vianden, Auszeit zwischen Natur und Geschichte&#8220; _builder_version=&#8220;4.27.5&#8243; _module_preset=&#8220;default&#8220; title_level=&#8220;h2&#8243; global_colors_info=&#8220;{}&#8220;][\/et_pb_heading][et_pb_text _builder_version=&#8220;4.27.5&#8243; _module_preset=&#8220;default&#8220; global_colors_info=&#8220;{}&#8220;]<\/p>\n<p data-start=\"105\" data-end=\"589\">Die malerische Stadt Vianden mit ihren rund 2000 Einwohnern liegt direkt am Ufer der Our. Eingebettet in gr\u00fcne T\u00e4ler und unber\u00fchrte Hochebenen, ist sie ein wahrer Zufluchtsort f\u00fcr alle, die <strong>sich entspannen und wieder mit der Natur verbinden m\u00f6chten<\/strong>. Outdoor-Liebhaber kommen hier auf ihre Kosten: Wanderer und Radfahrer k\u00f6nnen <strong>abwechslungsreiche Landschaften mit spektakul\u00e4ren Panoramen und Momenten der Ruhe<\/strong> erkunden.  <\/p>\n<p data-start=\"591\" data-end=\"1054\">Vianden besticht auch durch sein reiches historisches Erbe. Die mittelalterliche Burg, ein ikonisches Juwel, zeugt von Jahrhunderten der Geschichte und l\u00e4dt zu einer Zeitreise ein. Die Stadt bietet zudem <strong>eine Vielzahl von kulturellen Aktivit\u00e4ten und Freizeitangeboten f\u00fcr jedes Alter<\/strong>. Besucher k\u00f6nnen die lokale Gastronomie genie\u00dfen, einladende Hotels und Restaurants entdecken oder die saisonalen Veranstaltungen erleben, die das Leben der Stadt pr\u00e4gen.   <\/p>\n<p data-start=\"1056\" data-end=\"1206\">Zwischen Natur, Kultur und Freizeit bietet Vianden ein einzigartiges Erlebnis, bei dem <strong>jeder Besucher sein Gl\u00fcck finden kann<\/strong>.<\/p>\n<p>[\/et_pb_text][\/et_pb_column][et_pb_column type=&#8220;2_5&#8243; _builder_version=&#8220;4.27.5&#8243; _module_preset=&#8220;default&#8220; global_colors_info=&#8220;{}&#8220;][et_pb_image src=&#8220;http:\/\/www.eislekgravelluxembourg.com\/wp-content\/uploads\/2026\/02\/UCI-Gravel-Eislek-2025-27-scaled.jpg&#8220; title_text=&#8220;Ourtal bei Vianden&#8220; _builder_version=&#8220;4.27.5&#8243; _module_preset=&#8220;default&#8220; hover_enabled=&#8220;0&#8243; global_colors_info=&#8220;{}&#8220; sticky_enabled=&#8220;0&#8243;][\/et_pb_image][\/et_pb_column][\/et_pb_row][et_pb_row _builder_version=&#8220;4.27.5&#8243; _module_preset=&#8220;default&#8220; hover_enabled=&#8220;0&#8243; global_colors_info=&#8220;{}&#8220; custom_padding=&#8220;1.25em||||false|false&#8220; sticky_enabled=&#8220;0&#8243;][et_pb_column type=&#8220;4_4&#8243; _builder_version=&#8220;4.27.5&#8243; _module_preset=&#8220;default&#8220; global_colors_info=&#8220;{}&#8220;][et_pb_gallery gallery_ids=&#8220;1425,1426,1427,1428&#8243; show_title_and_caption=&#8220;off&#8220; _builder_version=&#8220;4.27.5&#8243; _module_preset=&#8220;default&#8220; pagination_font=&#8220;Oswald||||||||&#8220; background_enable_color=&#8220;off&#8220; hover_enabled=&#8220;0&#8243; global_colors_info=&#8220;{}&#8220; sticky_enabled=&#8220;0&#8243;][\/et_pb_gallery][\/et_pb_column][\/et_pb_row][et_pb_row column_structure=&#8220;2_5,3_5&#8243; _builder_version=&#8220;4.27.5&#8243; _module_preset=&#8220;default&#8220; hover_enabled=&#8220;0&#8243; global_colors_info=&#8220;{}&#8220; custom_padding=&#8220;||1.25em||false|false&#8220; sticky_enabled=&#8220;0&#8243;][et_pb_column type=&#8220;2_5&#8243; _builder_version=&#8220;4.27.5&#8243; _module_preset=&#8220;default&#8220; global_colors_info=&#8220;{}&#8220;][et_pb_image src=&#8220;http:\/\/www.eislekgravelluxembourg.com\/wp-content\/uploads\/2026\/02\/Rocher-des-Gorges-du-Diable-scaled.jpg&#8220; title_text=&#8220;Felsen der Teufelsschlucht&#8220; _builder_version=&#8220;4.27.5&#8243; _module_preset=&#8220;default&#8220; hover_enabled=&#8220;0&#8243; global_colors_info=&#8220;{}&#8220; sticky_enabled=&#8220;0&#8243;][\/et_pb_image][\/et_pb_column][et_pb_column type=&#8220;3_5&#8243; _builder_version=&#8220;4.27.5&#8243; _module_preset=&#8220;default&#8220; global_colors_info=&#8220;{}&#8220;][et_pb_heading title=&#8220;Das Felsenland S\u00fcdeifel, eine vom Sandstein gepr\u00e4gte Landschaft&#8220; _builder_version=&#8220;4.27.5&#8243; _module_preset=&#8220;default&#8220; title_level=&#8220;h2&#8243; global_colors_info=&#8220;{}&#8220;][\/et_pb_heading][et_pb_text _builder_version=&#8220;4.27.5&#8243; _module_preset=&#8220;default&#8220; global_colors_info=&#8220;{}&#8220;]<\/p>\n<p>Diese spektakul\u00e4re Naturregion liegt in der S\u00fcdeifel, in Rheinland-Pfalz, an der Grenze zu Luxemburg, und tr\u00e4gt einen Namen, der w\u00f6rtlich \u201eFelsenland\u201c bedeutet. Eine Bezeichnung, die eine Landschaft perfekt widerspiegelt, die von <strong>imposanten Sandsteinformationen, engen Schluchten und tiefen W\u00e4ldern<\/strong> gepr\u00e4gt ist. <\/p>\n<p>Dieses Gebiet zeichnet sich durch seine beeindruckenden Sandsteinbl\u00f6cke und -felsen aus, die \u00fcber Jahrtausende durch Erosion geformt wurden. Zu den bekanntesten Sehensw\u00fcrdigkeiten geh\u00f6rt die spektakul\u00e4re Teufelsschlucht, eine enge Felsenschlucht, in der riesige W\u00e4nde die Besucher zu umschlie\u00dfen scheinen. Einige Formationen nehmen erstaunliche Silhouetten an, <strong>die den Ursprung zahlreicher lokaler Legenden und Traditionen bilden<\/strong>.  <\/p>\n<p>Als Teil des Deutsch-Luxemburgischen Naturparks verf\u00fcgt die Region \u00fcber <strong>eine bemerkenswerte Artenvielfalt<\/strong>. Mischw\u00e4lder, Kalkplateaus, Flusst\u00e4ler und Wiesen bilden eine gesch\u00fctzte Umgebung, ideal zum Wandern und zur Tierbeobachtung. Ausgeschilderte Wege erm\u00f6glichen es, die Irreler Wasserf\u00e4lle zu erkunden, die inmitten einer noch wilden Natur liegen.  <\/p>\n<p>[\/et_pb_text][\/et_pb_column][\/et_pb_row][et_pb_row column_structure=&#8220;3_5,2_5&#8243; _builder_version=&#8220;4.27.5&#8243; _module_preset=&#8220;default&#8220; global_colors_info=&#8220;{}&#8220;][et_pb_column type=&#8220;3_5&#8243; _builder_version=&#8220;4.27.5&#8243; _module_preset=&#8220;default&#8220; global_colors_info=&#8220;{}&#8220;][et_pb_heading title=&#8220;Malerische D\u00f6rfer und grandiose Panoramen&#8220; _builder_version=&#8220;4.27.5&#8243; _module_preset=&#8220;default&#8220; title_level=&#8220;h2&#8243; global_colors_info=&#8220;{}&#8220;][\/et_pb_heading][et_pb_text _builder_version=&#8220;4.27.5&#8243; _module_preset=&#8220;default&#8220; global_colors_info=&#8220;{}&#8220;]<\/p>\n<p data-start=\"1290\" data-end=\"1577\">Hier und da pr\u00e4gen charmante D\u00f6rfer wie Bollendorf oder Irrel die Landschaft. Ihre traditionelle Architektur und friedliche Atmosph\u00e4re laden zum Verweilen ein. In der N\u00e4he bereichert die historische Stadt Trier, eine ehemalige r\u00f6mische Stadt, die kulturelle Attraktivit\u00e4t der Umgebung zus\u00e4tzlich.  <\/p>\n<p data-start=\"1579\" data-end=\"1821\">Die Region ist bei Wanderern, Kletterern und Outdoor-Liebhabern sehr beliebt und bietet <strong>ein dichtes Netz an Panoramawegen<\/strong>. Die Routen schl\u00e4ngeln sich <strong>zwischen W\u00e4ldern, Felsen und spektakul\u00e4ren Aussichtspunkten<\/strong> \u00fcber die umliegenden T\u00e4ler. <\/p>\n<p data-start=\"1823\" data-end=\"2022\">Zwischen geheimnisvoller Geologie, grandiosen Landschaften und l\u00e4ndlicher Gelassenheit erweist sich das Felsenland S\u00fcdeifel als <strong>ein ideales Reiseziel, um eine authentische und unber\u00fchrte Facette Westdeutschlands zu entdecken<\/strong>.<\/p>\n<p>[\/et_pb_text][\/et_pb_column][et_pb_column type=&#8220;2_5&#8243; _builder_version=&#8220;4.27.5&#8243; _module_preset=&#8220;default&#8220; global_colors_info=&#8220;{}&#8220;][et_pb_image src=&#8220;http:\/\/www.eislekgravelluxembourg.com\/wp-content\/uploads\/2026\/02\/Village-de-Bollendorf-scaled.jpg&#8220; title_text=&#8220;Dorf Bollendorf&#8220; _builder_version=&#8220;4.27.5&#8243; _module_preset=&#8220;default&#8220; hover_enabled=&#8220;0&#8243; global_colors_info=&#8220;{}&#8220; sticky_enabled=&#8220;0&#8243;][\/et_pb_image][\/et_pb_column][\/et_pb_row][et_pb_row _builder_version=&#8220;4.27.5&#8243; _module_preset=&#8220;default&#8220; global_colors_info=&#8220;{}&#8220;][et_pb_column type=&#8220;4_4&#8243; _builder_version=&#8220;4.27.5&#8243; _module_preset=&#8220;default&#8220; global_colors_info=&#8220;{}&#8220;][et_pb_gallery gallery_ids=&#8220;1429,1430,1431,1432&#8243; show_title_and_caption=&#8220;off&#8220; _builder_version=&#8220;4.27.5&#8243; _module_preset=&#8220;default&#8220; pagination_font=&#8220;Oswald||||||||&#8220; background_enable_color=&#8220;off&#8220; hover_enabled=&#8220;0&#8243; global_colors_info=&#8220;{}&#8220; sticky_enabled=&#8220;0&#8243;][\/et_pb_gallery][\/et_pb_column][\/et_pb_row][\/et_pb_section]<\/p>\n","protected":false},"excerpt":{"rendered":"<p>Das \u00c9islek, im Norden Luxemburgs gelegen, ist eine Region, in der sich wilde Natur mit historischem Erbe verbindet. Tiefe W\u00e4lder, gr\u00fcne T\u00e4ler und gewundene Fl\u00fcsse pr\u00e4gen spektakul\u00e4re Landschaften, gespickt mit geschichtstr\u00e4chtigen Burgen und Festungen. Hier bestimmen Traditionen und lokale Kultur das Leben: M\u00e4rkte, Handwerkskunst und Festivals zeugen von der Authentizit\u00e4t der Region, w\u00e4hrend die Gastronomie [&hellip;]<\/p>\n","protected":false},"author":1,"featured_media":0,"parent":1405,"menu_order":12,"comment_status":"closed","ping_status":"closed","template":"","meta":{"_acf_changed":false,"_et_pb_use_builder":"on","_et_pb_old_content":"","_et_gb_content_width":"","footnotes":""},"class_list":["post-1424","page","type-page","status-publish","hentry"],"acf":[],"_links":{"self":[{"href":"https:\/\/www.eislekgravelluxembourg.com\/de\/wp-json\/wp\/v2\/pages\/1424","targetHints":{"allow":["GET"]}}],"collection":[{"href":"https:\/\/www.eislekgravelluxembourg.com\/de\/wp-json\/wp\/v2\/pages"}],"about":[{"href":"https:\/\/www.eislekgravelluxembourg.com\/de\/wp-json\/wp\/v2\/types\/page"}],"author":[{"embeddable":true,"href":"https:\/\/www.eislekgravelluxembourg.com\/de\/wp-json\/wp\/v2\/users\/1"}],"replies":[{"embeddable":true,"href":"https:\/\/www.eislekgravelluxembourg.com\/de\/wp-json\/wp\/v2\/comments?post=1424"}],"version-history":[{"count":3,"href":"https:\/\/www.eislekgravelluxembourg.com\/de\/wp-json\/wp\/v2\/pages\/1424\/revisions"}],"predecessor-version":[{"id":1436,"href":"https:\/\/www.eislekgravelluxembourg.com\/de\/wp-json\/wp\/v2\/pages\/1424\/revisions\/1436"}],"up":[{"embeddable":true,"href":"https:\/\/www.eislekgravelluxembourg.com\/de\/wp-json\/wp\/v2\/pages\/1405"}],"wp:attachment":[{"href":"https:\/\/www.eislekgravelluxembourg.com\/de\/wp-json\/wp\/v2\/media?parent=1424"}],"curies":[{"name":"wp","href":"https:\/\/api.w.org\/{rel}","templated":true}]}}