{"id":1701,"date":"2026-02-03T16:08:03","date_gmt":"2026-02-03T16:08:03","guid":{"rendered":"https:\/\/www.eislekgravelluxembourg.com\/datenschutzerklaerung\/"},"modified":"2026-02-23T15:57:34","modified_gmt":"2026-02-23T15:57:34","slug":"datenschutzerklaerung","status":"publish","type":"page","link":"https:\/\/www.eislekgravelluxembourg.com\/de\/datenschutzerklaerung\/","title":{"rendered":"Datenschutzerkl\u00e4rung"},"content":{"rendered":"<p>[et_pb_section fb_built=&#8220;1&#8243; _builder_version=&#8220;4.27.5&#8243; _module_preset=&#8220;default&#8220; background_image=&#8220;http:\/\/www.eislekgravelluxembourg.com\/wp-content\/uploads\/2026\/02\/header-UCI-Gravel-Eislek-2025-52-scaled.jpg&#8220; height=&#8220;35vw&#8220; custom_padding=&#8220;0em||0em||true|false&#8220; custom_css_free_form=&#8220;selector::after {||  content: &#8220;;||  display: block;||  position: absolute;||  top: 66.67%;||  right: 33.33%;||  bottom: 0;||  left: 0;||  background: radial-gradient(ellipse at 15% 70%, rgba(0,0,0,0.66) 0%,rgba(0,0,0,0) 50%);||  z-index: 0;||}&#8220; saved_tabs=&#8220;all&#8220; global_colors_info=&#8220;{}&#8220;][et_pb_row _builder_version=&#8220;4.27.5&#8243; _module_preset=&#8220;default&#8220; custom_padding=&#8220;0em||0em||true|false&#8220; global_colors_info=&#8220;{}&#8220;][et_pb_column type=&#8220;4_4&#8243; _builder_version=&#8220;4.27.5&#8243; _module_preset=&#8220;default&#8220; global_colors_info=&#8220;{}&#8220;][et_pb_post_title meta=&#8220;off&#8220; featured_image=&#8220;off&#8220; text_color=&#8220;light&#8220; _builder_version=&#8220;4.27.5&#8243; _module_preset=&#8220;default&#8220; title_text_color=&#8220;#FFFFFF&#8220; custom_margin=&#8220;29vw||||false|false&#8220; title_text_shadow_style=&#8220;preset3&#8243; title_text_shadow_horizontal_length=&#8220;1px&#8220; title_text_shadow_vertical_length=&#8220;1px&#8220; title_text_shadow_blur_strength=&#8220;0em&#8220; title_text_shadow_color=&#8220;#1D1D1B&#8220; global_colors_info=&#8220;{}&#8220;][\/et_pb_post_title][\/et_pb_column][\/et_pb_row][\/et_pb_section][et_pb_section fb_built=&#8220;1&#8243; theme_builder_area=&#8220;post_content&#8220; _builder_version=&#8220;4.27.5&#8243; _module_preset=&#8220;default&#8220;][et_pb_row _builder_version=&#8220;4.27.5&#8243; _module_preset=&#8220;default&#8220; theme_builder_area=&#8220;post_content&#8220;][et_pb_column _builder_version=&#8220;4.27.5&#8243; _module_preset=&#8220;default&#8220; type=&#8220;4_4&#8243; theme_builder_area=&#8220;post_content&#8220;][et_pb_heading title=&#8220;Das Abenteuer wird vorbereitet\u2026&#8220; _builder_version=&#8220;4.27.5&#8243; _module_preset=&#8220;default&#8220; theme_builder_area=&#8220;post_content&#8220; title_level=&#8220;h2&#8243; hover_enabled=&#8220;0&#8243; sticky_enabled=&#8220;0&#8243;][\/et_pb_heading][et_pb_text _builder_version=&#8220;4.27.5&#8243; _module_preset=&#8220;default&#8220; theme_builder_area=&#8220;post_content&#8220; hover_enabled=&#8220;0&#8243; sticky_enabled=&#8220;0&#8243;]<\/p>\n<p>Diese Seite wird in K\u00fcrze ver\u00f6ffentlicht.<br data-start=\"1485\" data-end=\"1488\">Vielen Dank f\u00fcr deine Geduld.<\/p>\n<p>[\/et_pb_text][\/et_pb_column][\/et_pb_row][\/et_pb_section]<\/p>\n","protected":false},"excerpt":{"rendered":"<p>Diese Seite wird in K\u00fcrze ver\u00f6ffentlicht.Vielen Dank f\u00fcr deine Geduld.<\/p>\n","protected":false},"author":1,"featured_media":0,"parent":0,"menu_order":999,"comment_status":"closed","ping_status":"open","template":"","meta":{"_acf_changed":false,"_et_pb_use_builder":"on","_et_pb_old_content":"","_et_gb_content_width":"","footnotes":""},"class_list":["post-1701","page","type-page","status-publish","hentry"],"acf":[],"_links":{"self":[{"href":"https:\/\/www.eislekgravelluxembourg.com\/de\/wp-json\/wp\/v2\/pages\/1701","targetHints":{"allow":["GET"]}}],"collection":[{"href":"https:\/\/www.eislekgravelluxembourg.com\/de\/wp-json\/wp\/v2\/pages"}],"about":[{"href":"https:\/\/www.eislekgravelluxembourg.com\/de\/wp-json\/wp\/v2\/types\/page"}],"author":[{"embeddable":true,"href":"https:\/\/www.eislekgravelluxembourg.com\/de\/wp-json\/wp\/v2\/users\/1"}],"replies":[{"embeddable":true,"href":"https:\/\/www.eislekgravelluxembourg.com\/de\/wp-json\/wp\/v2\/comments?post=1701"}],"version-history":[{"count":6,"href":"https:\/\/www.eislekgravelluxembourg.com\/de\/wp-json\/wp\/v2\/pages\/1701\/revisions"}],"predecessor-version":[{"id":1713,"href":"https:\/\/www.eislekgravelluxembourg.com\/de\/wp-json\/wp\/v2\/pages\/1701\/revisions\/1713"}],"wp:attachment":[{"href":"https:\/\/www.eislekgravelluxembourg.com\/de\/wp-json\/wp\/v2\/media?parent=1701"}],"curies":[{"name":"wp","href":"https:\/\/api.w.org\/{rel}","templated":true}]}}